{"id":252,"date":"2023-07-22T19:06:50","date_gmt":"2023-07-22T18:06:50","guid":{"rendered":"https:\/\/bionovarural.com\/?post_type=product&#038;p=252"},"modified":"2023-07-22T19:12:02","modified_gmt":"2023-07-22T18:12:02","slug":"manual-del-curso-radiofonista-para-piloto-de-drones","status":"publish","type":"product","link":"https:\/\/bionovarural.com\/?product=manual-del-curso-radiofonista-para-piloto-de-drones","title":{"rendered":"Manual del curso radiofonista para piloto de drones"},"content":{"rendered":"","protected":false},"excerpt":{"rendered":"<p>Manual con el contenido te\u00f3rico de preparaci\u00f3n para el examen del certificado de radiofonista obligatorio para operar en el Escenario Est\u00e1ndar STS.<\/p>\n","protected":false},"featured_media":251,"comment_status":"open","ping_status":"closed","template":"","meta":[],"product_cat":[25],"product_tag":[26],"class_list":{"0":"post-252","1":"product","2":"type-product","3":"status-publish","4":"has-post-thumbnail","6":"product_cat-drones","7":"product_tag-drones","9":"first","10":"instock","11":"sale","12":"downloadable","13":"taxable","14":"shipping-taxable","15":"purchasable","16":"product-type-simple"},"_links":{"self":[{"href":"https:\/\/bionovarural.com\/index.php?rest_route=\/wp\/v2\/product\/252","targetHints":{"allow":["GET"]}}],"collection":[{"href":"https:\/\/bionovarural.com\/index.php?rest_route=\/wp\/v2\/product"}],"about":[{"href":"https:\/\/bionovarural.com\/index.php?rest_route=\/wp\/v2\/types\/product"}],"replies":[{"embeddable":true,"href":"https:\/\/bionovarural.com\/index.php?rest_route=%2Fwp%2Fv2%2Fcomments&post=252"}],"wp:featuredmedia":[{"embeddable":true,"href":"https:\/\/bionovarural.com\/index.php?rest_route=\/wp\/v2\/media\/251"}],"wp:attachment":[{"href":"https:\/\/bionovarural.com\/index.php?rest_route=%2Fwp%2Fv2%2Fmedia&parent=252"}],"wp:term":[{"taxonomy":"product_cat","embeddable":true,"href":"https:\/\/bionovarural.com\/index.php?rest_route=%2Fwp%2Fv2%2Fproduct_cat&post=252"},{"taxonomy":"product_tag","embeddable":true,"href":"https:\/\/bionovarural.com\/index.php?rest_route=%2Fwp%2Fv2%2Fproduct_tag&post=252"}],"curies":[{"name":"wp","href":"https:\/\/api.w.org\/{rel}","templated":true}]}}