{"id":249,"date":"2023-07-22T19:03:52","date_gmt":"2023-07-22T18:03:52","guid":{"rendered":"https:\/\/bionovarural.com\/?post_type=product&#038;p=249"},"modified":"2023-07-22T19:10:23","modified_gmt":"2023-07-22T18:10:23","slug":"manual-del-curso-para-piloto-de-drones-sts","status":"publish","type":"product","link":"https:\/\/bionovarural.com\/?product=manual-del-curso-para-piloto-de-drones-sts","title":{"rendered":"Manual del curso para piloto de drones STS"},"content":{"rendered":"","protected":false},"excerpt":{"rendered":"<p>Manual con el contenido te\u00f3rico de preparaci\u00f3n para el examen de conocimientos te\u00f3ricos de piloto a distancia para el Escenario Est\u00e1ndar STS. Contenidos te\u00f3ricos v\u00e1lidos Categor\u00eda Abierta A1\/A3<\/p>\n","protected":false},"featured_media":250,"comment_status":"open","ping_status":"closed","template":"","meta":[],"product_cat":[25],"product_tag":[26],"class_list":{"0":"post-249","1":"product","2":"type-product","3":"status-publish","4":"has-post-thumbnail","6":"product_cat-drones","7":"product_tag-drones","9":"first","10":"instock","11":"sale","12":"downloadable","13":"taxable","14":"shipping-taxable","15":"purchasable","16":"product-type-simple"},"_links":{"self":[{"href":"https:\/\/bionovarural.com\/index.php?rest_route=\/wp\/v2\/product\/249","targetHints":{"allow":["GET"]}}],"collection":[{"href":"https:\/\/bionovarural.com\/index.php?rest_route=\/wp\/v2\/product"}],"about":[{"href":"https:\/\/bionovarural.com\/index.php?rest_route=\/wp\/v2\/types\/product"}],"replies":[{"embeddable":true,"href":"https:\/\/bionovarural.com\/index.php?rest_route=%2Fwp%2Fv2%2Fcomments&post=249"}],"wp:featuredmedia":[{"embeddable":true,"href":"https:\/\/bionovarural.com\/index.php?rest_route=\/wp\/v2\/media\/250"}],"wp:attachment":[{"href":"https:\/\/bionovarural.com\/index.php?rest_route=%2Fwp%2Fv2%2Fmedia&parent=249"}],"wp:term":[{"taxonomy":"product_cat","embeddable":true,"href":"https:\/\/bionovarural.com\/index.php?rest_route=%2Fwp%2Fv2%2Fproduct_cat&post=249"},{"taxonomy":"product_tag","embeddable":true,"href":"https:\/\/bionovarural.com\/index.php?rest_route=%2Fwp%2Fv2%2Fproduct_tag&post=249"}],"curies":[{"name":"wp","href":"https:\/\/api.w.org\/{rel}","templated":true}]}}