{"id":32,"date":"2023-06-11T18:12:01","date_gmt":"2023-06-11T17:12:01","guid":{"rendered":"https:\/\/bionovarural.com\/?page_id=32"},"modified":"2025-02-11T16:45:57","modified_gmt":"2025-02-11T15:45:57","slug":"servicios-consultoria","status":"publish","type":"page","link":"https:\/\/bionovarural.com\/?page_id=32","title":{"rendered":"Servicios"},"content":{"rendered":"\n<p><\/p>\n\n\n\n<p><strong>PROYECTOS E INFORMES<\/strong><\/p>\n\n\n\n<ul class=\"wp-block-list\">\n<li>Proyectos agropecuarios (cuartos de aperos, granjas, sorribas, v\u00edas agroforestales, instalaci\u00f3n de paneles solares, riego y dep\u00f3sitos, etc.).<\/li>\n\n\n\n<li>Informes de actividad agraria y ganadera.<\/li>\n\n\n\n<li>Informe ambiental.<\/li>\n<\/ul>\n\n\n\n<p><strong>FORMACI\u00d3N Y ASESORAMIENTO<\/strong><\/p>\n\n\n\n<ul class=\"wp-block-list\">\n<li>Asesoramiento agroecol\u00f3gico (fertilizantes org\u00e1nicos, diversidad agr\u00edcola, control biol\u00f3gico de plagas y enfermedades, etc.) e implementaci\u00f3n de certificaci\u00f3n ecol\u00f3gica.<\/li>\n\n\n\n<li>Asesoramiento para empresas agrarias y cooperativas (an\u00e1lisis de inversi\u00f3n, comercializaci\u00f3n agraria, subvenciones y ayudas, etc.).<\/li>\n\n\n\n<li>Formaci\u00f3n y generaci\u00f3n de contenidos relacionados con la agricultura y el medio ambiente. Teleformaci\u00f3n utilizando herramientas Moodle.<\/li>\n<\/ul>\n\n\n\n<p><strong>ESTUDIOS<\/strong><\/p>\n\n\n\n<ul class=\"wp-block-list\">\n<li>Aplicaciones SIG y teledetecci\u00f3n para la agricultura (\u00edndices de vegetaci\u00f3n como el NDVI), medio ambiente (cobertura vegetal, erosi\u00f3n del suelo, etc.) y construcci\u00f3n (levantamiento topogr\u00e1fico) utilizando como herramienta un dron multiespectral y QGIS.<\/li>\n\n\n\n<li>Estudios de impacto ambiental y evaluaci\u00f3n ambiental estrat\u00e9gica.<\/li>\n\n\n\n<li>Estudios econ\u00f3mico-financieros para empresas agrarias y cooperativas.<\/li>\n<\/ul>\n\n\n\n<p><strong>CERTIFICACIONES<\/strong><\/p>\n\n\n\n<ul class=\"wp-block-list\">\n<li>Consultor\u00eda en Sistema de Gesti\u00f3n Medio Ambiental y Sistemas de Gesti\u00f3n de la Calidad (aplicaci\u00f3n de la Norma ISO 19011, Norma ISO 14001, Norma ISO 9001, EMAS, etc.).<\/li>\n\n\n\n<li>C\u00e1lculo de la Huella H\u00eddrica de producto seg\u00fan la Norma ISO 14046. Estudios de evaluaci\u00f3n de y reducci\u00f3n del impacto de la Huella H\u00eddrica.<\/li>\n\n\n\n<li>C\u00e1lculo de la Huella de Carbono de un producto seg\u00fan la Norma ISO 14064 y GHG Protocol. Estudios de estrategias para la reducci\u00f3n y compensaci\u00f3n de emisiones.<\/li>\n\n\n\n<li>C\u00e1lculo de la Huella Ecol\u00f3gica siguiendo la metodolog\u00eda de Mathis Wackernagel y William Rees.<\/li>\n<\/ul>\n","protected":false},"excerpt":{"rendered":"<p>PROYECTOS E INFORMES FORMACI\u00d3N Y ASESORAMIENTO ESTUDIOS CERTIFICACIONES<\/p>\n","protected":false},"author":1,"featured_media":0,"parent":0,"menu_order":0,"comment_status":"closed","ping_status":"closed","template":"","meta":{"footnotes":""},"class_list":["post-32","page","type-page","status-publish","hentry"],"_links":{"self":[{"href":"https:\/\/bionovarural.com\/index.php?rest_route=\/wp\/v2\/pages\/32","targetHints":{"allow":["GET"]}}],"collection":[{"href":"https:\/\/bionovarural.com\/index.php?rest_route=\/wp\/v2\/pages"}],"about":[{"href":"https:\/\/bionovarural.com\/index.php?rest_route=\/wp\/v2\/types\/page"}],"author":[{"embeddable":true,"href":"https:\/\/bionovarural.com\/index.php?rest_route=\/wp\/v2\/users\/1"}],"replies":[{"embeddable":true,"href":"https:\/\/bionovarural.com\/index.php?rest_route=%2Fwp%2Fv2%2Fcomments&post=32"}],"version-history":[{"count":4,"href":"https:\/\/bionovarural.com\/index.php?rest_route=\/wp\/v2\/pages\/32\/revisions"}],"predecessor-version":[{"id":304,"href":"https:\/\/bionovarural.com\/index.php?rest_route=\/wp\/v2\/pages\/32\/revisions\/304"}],"wp:attachment":[{"href":"https:\/\/bionovarural.com\/index.php?rest_route=%2Fwp%2Fv2%2Fmedia&parent=32"}],"curies":[{"name":"wp","href":"https:\/\/api.w.org\/{rel}","templated":true}]}}