{"id":15,"date":"2023-06-11T17:52:46","date_gmt":"2023-06-11T16:52:46","guid":{"rendered":"https:\/\/bionovarural.com\/?page_id=15"},"modified":"2025-06-01T08:26:07","modified_gmt":"2025-06-01T07:26:07","slug":"bionova-rural","status":"publish","type":"page","link":"https:\/\/bionovarural.com\/","title":{"rendered":"Presentaci\u00f3n"},"content":{"rendered":"\n<p class=\"has-text-align-left\"><strong>Bionova rural<\/strong>\u00a0es una consultor\u00eda especializada en favorecer la\u00a0<strong>sostenibilidad ambiental y econ\u00f3mica<\/strong>\u00a0en el \u00e1mbito rural. Nuestra tarea es la de acompa\u00f1ar a agricultores, empresas agroalimentarias y emprendedores rurales en la transici\u00f3n hacia modelos de producci\u00f3n m\u00e1s\u00a0<strong>eficientes, innovadores y respetuosos con el medio ambiente<\/strong>.<\/p>\n\n\n\n<p class=\"has-text-align-left\"><\/p>\n\n\n\n<div class=\"wp-block-jetpack-slideshow aligncenter\" data-effect=\"slide\"><div class=\"wp-block-jetpack-slideshow_container swiper-container\"><ul class=\"wp-block-jetpack-slideshow_swiper-wrapper swiper-wrapper\"><li class=\"wp-block-jetpack-slideshow_slide swiper-slide\"><figure><img loading=\"lazy\" decoding=\"async\" width=\"1024\" height=\"683\" alt=\"\" class=\"wp-block-jetpack-slideshow_image wp-image-93\" data-id=\"93\" src=\"http:\/\/bionovarural.com\/wp-content\/uploads\/2023\/06\/IMG_1315-2-1024x683.jpg\" srcset=\"https:\/\/bionovarural.com\/wp-content\/uploads\/2023\/06\/IMG_1315-2-1024x683.jpg 1024w, https:\/\/bionovarural.com\/wp-content\/uploads\/2023\/06\/IMG_1315-2-300x200.jpg 300w, https:\/\/bionovarural.com\/wp-content\/uploads\/2023\/06\/IMG_1315-2-scaled-600x400.jpg 600w, https:\/\/bionovarural.com\/wp-content\/uploads\/2023\/06\/IMG_1315-2-768x512.jpg 768w, https:\/\/bionovarural.com\/wp-content\/uploads\/2023\/06\/IMG_1315-2-1536x1024.jpg 1536w, https:\/\/bionovarural.com\/wp-content\/uploads\/2023\/06\/IMG_1315-2-2048x1365.jpg 2048w, https:\/\/bionovarural.com\/wp-content\/uploads\/2023\/06\/IMG_1315-2-1568x1045.jpg 1568w, https:\/\/bionovarural.com\/wp-content\/uploads\/2023\/06\/IMG_1315-2-1320x880.jpg 1320w\" sizes=\"auto, (max-width: 1024px) 100vw, 1024px\" \/><\/figure><\/li><li class=\"wp-block-jetpack-slideshow_slide swiper-slide\"><figure><img loading=\"lazy\" decoding=\"async\" width=\"2560\" height=\"1920\" alt=\"\" class=\"wp-block-jetpack-slideshow_image wp-image-85\" data-id=\"85\" src=\"http:\/\/bionovarural.com\/wp-content\/uploads\/2023\/06\/20191228_095529_HDR-scaled.jpg\" srcset=\"https:\/\/bionovarural.com\/wp-content\/uploads\/2023\/06\/20191228_095529_HDR-scaled.jpg 2560w, https:\/\/bionovarural.com\/wp-content\/uploads\/2023\/06\/20191228_095529_HDR-300x225.jpg 300w, https:\/\/bionovarural.com\/wp-content\/uploads\/2023\/06\/20191228_095529_HDR-scaled-600x450.jpg 600w\" sizes=\"auto, (max-width: 2560px) 100vw, 2560px\" \/><\/figure><\/li><li class=\"wp-block-jetpack-slideshow_slide swiper-slide\"><figure><img loading=\"lazy\" decoding=\"async\" width=\"2560\" height=\"1920\" alt=\"\" class=\"wp-block-jetpack-slideshow_image wp-image-92\" data-id=\"92\" src=\"http:\/\/bionovarural.com\/wp-content\/uploads\/2023\/06\/20220612_081949-scaled.jpg\" srcset=\"https:\/\/bionovarural.com\/wp-content\/uploads\/2023\/06\/20220612_081949-scaled.jpg 2560w, https:\/\/bionovarural.com\/wp-content\/uploads\/2023\/06\/20220612_081949-scaled-300x225.jpg 300w, https:\/\/bionovarural.com\/wp-content\/uploads\/2023\/06\/20220612_081949-scaled-600x450.jpg 600w\" sizes=\"auto, (max-width: 2560px) 100vw, 2560px\" \/><\/figure><\/li><li class=\"wp-block-jetpack-slideshow_slide swiper-slide\"><figure><img loading=\"lazy\" decoding=\"async\" width=\"1024\" height=\"768\" alt=\"\" class=\"wp-block-jetpack-slideshow_image wp-image-89\" data-id=\"89\" src=\"http:\/\/bionovarural.com\/wp-content\/uploads\/2023\/06\/IMG_2756-1024x768.jpg\" srcset=\"https:\/\/bionovarural.com\/wp-content\/uploads\/2023\/06\/IMG_2756-1024x768.jpg 1024w, https:\/\/bionovarural.com\/wp-content\/uploads\/2023\/06\/IMG_2756-300x225.jpg 300w, https:\/\/bionovarural.com\/wp-content\/uploads\/2023\/06\/IMG_2756-scaled-600x450.jpg 600w, https:\/\/bionovarural.com\/wp-content\/uploads\/2023\/06\/IMG_2756-768x576.jpg 768w, https:\/\/bionovarural.com\/wp-content\/uploads\/2023\/06\/IMG_2756-1536x1152.jpg 1536w, https:\/\/bionovarural.com\/wp-content\/uploads\/2023\/06\/IMG_2756-2048x1536.jpg 2048w, https:\/\/bionovarural.com\/wp-content\/uploads\/2023\/06\/IMG_2756-1568x1176.jpg 1568w, https:\/\/bionovarural.com\/wp-content\/uploads\/2023\/06\/IMG_2756-1320x990.jpg 1320w\" sizes=\"auto, (max-width: 1024px) 100vw, 1024px\" \/><\/figure><\/li><li class=\"wp-block-jetpack-slideshow_slide swiper-slide\"><figure><img loading=\"lazy\" decoding=\"async\" width=\"1024\" height=\"577\" alt=\"\" class=\"wp-block-jetpack-slideshow_image wp-image-80\" data-id=\"80\" src=\"http:\/\/bionovarural.com\/wp-content\/uploads\/2023\/06\/20230102_145152-1024x577.jpg\" srcset=\"https:\/\/bionovarural.com\/wp-content\/uploads\/2023\/06\/20230102_145152-1024x577.jpg 1024w, https:\/\/bionovarural.com\/wp-content\/uploads\/2023\/06\/20230102_145152-300x169.jpg 300w, https:\/\/bionovarural.com\/wp-content\/uploads\/2023\/06\/20230102_145152-scaled-600x338.jpg 600w, https:\/\/bionovarural.com\/wp-content\/uploads\/2023\/06\/20230102_145152-768x432.jpg 768w, https:\/\/bionovarural.com\/wp-content\/uploads\/2023\/06\/20230102_145152-1536x865.jpg 1536w, https:\/\/bionovarural.com\/wp-content\/uploads\/2023\/06\/20230102_145152-2048x1153.jpg 2048w, https:\/\/bionovarural.com\/wp-content\/uploads\/2023\/06\/20230102_145152-1568x883.jpg 1568w, https:\/\/bionovarural.com\/wp-content\/uploads\/2023\/06\/20230102_145152-1320x743.jpg 1320w\" sizes=\"auto, (max-width: 1024px) 100vw, 1024px\" \/><\/figure><\/li><li class=\"wp-block-jetpack-slideshow_slide swiper-slide\"><figure><img loading=\"lazy\" decoding=\"async\" width=\"1024\" height=\"683\" alt=\"\" class=\"wp-block-jetpack-slideshow_image wp-image-71\" data-id=\"71\" src=\"http:\/\/bionovarural.com\/wp-content\/uploads\/2023\/06\/IMG_4216-1-1024x683.jpg\" srcset=\"https:\/\/bionovarural.com\/wp-content\/uploads\/2023\/06\/IMG_4216-1-1024x683.jpg 1024w, https:\/\/bionovarural.com\/wp-content\/uploads\/2023\/06\/IMG_4216-1-300x200.jpg 300w, https:\/\/bionovarural.com\/wp-content\/uploads\/2023\/06\/IMG_4216-1-scaled-600x400.jpg 600w, https:\/\/bionovarural.com\/wp-content\/uploads\/2023\/06\/IMG_4216-1-768x512.jpg 768w, https:\/\/bionovarural.com\/wp-content\/uploads\/2023\/06\/IMG_4216-1-1536x1024.jpg 1536w, https:\/\/bionovarural.com\/wp-content\/uploads\/2023\/06\/IMG_4216-1-2048x1365.jpg 2048w, https:\/\/bionovarural.com\/wp-content\/uploads\/2023\/06\/IMG_4216-1-1568x1045.jpg 1568w, https:\/\/bionovarural.com\/wp-content\/uploads\/2023\/06\/IMG_4216-1-1320x880.jpg 1320w\" sizes=\"auto, (max-width: 1024px) 100vw, 1024px\" \/><\/figure><\/li><li class=\"wp-block-jetpack-slideshow_slide swiper-slide\"><figure><img loading=\"lazy\" decoding=\"async\" width=\"1024\" height=\"575\" alt=\"\" class=\"wp-block-jetpack-slideshow_image wp-image-94\" data-id=\"94\" src=\"http:\/\/bionovarural.com\/wp-content\/uploads\/2023\/06\/IMG_1890-1024x575.jpg\" srcset=\"https:\/\/bionovarural.com\/wp-content\/uploads\/2023\/06\/IMG_1890-1024x575.jpg 1024w, https:\/\/bionovarural.com\/wp-content\/uploads\/2023\/06\/IMG_1890-300x169.jpg 300w, https:\/\/bionovarural.com\/wp-content\/uploads\/2023\/06\/IMG_1890-scaled-600x337.jpg 600w, https:\/\/bionovarural.com\/wp-content\/uploads\/2023\/06\/IMG_1890-768x431.jpg 768w, https:\/\/bionovarural.com\/wp-content\/uploads\/2023\/06\/IMG_1890-1536x863.jpg 1536w, https:\/\/bionovarural.com\/wp-content\/uploads\/2023\/06\/IMG_1890-2048x1150.jpg 2048w, https:\/\/bionovarural.com\/wp-content\/uploads\/2023\/06\/IMG_1890-1568x881.jpg 1568w, https:\/\/bionovarural.com\/wp-content\/uploads\/2023\/06\/IMG_1890-1320x741.jpg 1320w\" sizes=\"auto, (max-width: 1024px) 100vw, 1024px\" \/><\/figure><\/li><li class=\"wp-block-jetpack-slideshow_slide swiper-slide\"><figure><img loading=\"lazy\" decoding=\"async\" width=\"2560\" height=\"1920\" alt=\"\" class=\"wp-block-jetpack-slideshow_image wp-image-84\" data-id=\"84\" src=\"http:\/\/bionovarural.com\/wp-content\/uploads\/2023\/06\/IMG_2723-scaled.jpg\" srcset=\"https:\/\/bionovarural.com\/wp-content\/uploads\/2023\/06\/IMG_2723-scaled.jpg 2560w, https:\/\/bionovarural.com\/wp-content\/uploads\/2023\/06\/IMG_2723-300x225.jpg 300w, https:\/\/bionovarural.com\/wp-content\/uploads\/2023\/06\/IMG_2723-scaled-600x450.jpg 600w\" sizes=\"auto, (max-width: 2560px) 100vw, 2560px\" \/><\/figure><\/li><li class=\"wp-block-jetpack-slideshow_slide swiper-slide\"><figure><img loading=\"lazy\" decoding=\"async\" width=\"768\" height=\"1024\" alt=\"\" class=\"wp-block-jetpack-slideshow_image wp-image-91\" data-id=\"91\" src=\"http:\/\/bionovarural.com\/wp-content\/uploads\/2023\/06\/IMG_2951-768x1024.jpg\" srcset=\"https:\/\/bionovarural.com\/wp-content\/uploads\/2023\/06\/IMG_2951-768x1024.jpg 768w, https:\/\/bionovarural.com\/wp-content\/uploads\/2023\/06\/IMG_2951-scaled-300x400.jpg 300w, https:\/\/bionovarural.com\/wp-content\/uploads\/2023\/06\/IMG_2951-scaled-600x800.jpg 600w, https:\/\/bionovarural.com\/wp-content\/uploads\/2023\/06\/IMG_2951-225x300.jpg 225w, https:\/\/bionovarural.com\/wp-content\/uploads\/2023\/06\/IMG_2951-1152x1536.jpg 1152w, https:\/\/bionovarural.com\/wp-content\/uploads\/2023\/06\/IMG_2951-1536x2048.jpg 1536w, https:\/\/bionovarural.com\/wp-content\/uploads\/2023\/06\/IMG_2951-1568x2091.jpg 1568w, https:\/\/bionovarural.com\/wp-content\/uploads\/2023\/06\/IMG_2951-1320x1760.jpg 1320w, https:\/\/bionovarural.com\/wp-content\/uploads\/2023\/06\/IMG_2951-scaled.jpg 1920w\" sizes=\"auto, (max-width: 768px) 100vw, 768px\" \/><\/figure><\/li><li class=\"wp-block-jetpack-slideshow_slide swiper-slide\"><figure><img loading=\"lazy\" decoding=\"async\" width=\"1024\" height=\"768\" alt=\"\" class=\"wp-block-jetpack-slideshow_image wp-image-88\" data-id=\"88\" src=\"http:\/\/bionovarural.com\/wp-content\/uploads\/2023\/06\/IMG_2794-1024x768.jpg\" srcset=\"https:\/\/bionovarural.com\/wp-content\/uploads\/2023\/06\/IMG_2794-1024x768.jpg 1024w, https:\/\/bionovarural.com\/wp-content\/uploads\/2023\/06\/IMG_2794-300x225.jpg 300w, https:\/\/bionovarural.com\/wp-content\/uploads\/2023\/06\/IMG_2794-scaled-600x450.jpg 600w, https:\/\/bionovarural.com\/wp-content\/uploads\/2023\/06\/IMG_2794-768x576.jpg 768w, https:\/\/bionovarural.com\/wp-content\/uploads\/2023\/06\/IMG_2794-1536x1152.jpg 1536w, https:\/\/bionovarural.com\/wp-content\/uploads\/2023\/06\/IMG_2794-2048x1536.jpg 2048w, https:\/\/bionovarural.com\/wp-content\/uploads\/2023\/06\/IMG_2794-1568x1176.jpg 1568w, https:\/\/bionovarural.com\/wp-content\/uploads\/2023\/06\/IMG_2794-1320x990.jpg 1320w\" sizes=\"auto, (max-width: 1024px) 100vw, 1024px\" \/><\/figure><\/li><li class=\"wp-block-jetpack-slideshow_slide swiper-slide\"><figure><img loading=\"lazy\" decoding=\"async\" width=\"2560\" height=\"1920\" alt=\"\" class=\"wp-block-jetpack-slideshow_image wp-image-86\" data-id=\"86\" src=\"http:\/\/bionovarural.com\/wp-content\/uploads\/2023\/06\/20191230_193025-scaled.jpg\" srcset=\"https:\/\/bionovarural.com\/wp-content\/uploads\/2023\/06\/20191230_193025-scaled.jpg 2560w, https:\/\/bionovarural.com\/wp-content\/uploads\/2023\/06\/20191230_193025-300x225.jpg 300w, https:\/\/bionovarural.com\/wp-content\/uploads\/2023\/06\/20191230_193025-scaled-600x450.jpg 600w\" sizes=\"auto, (max-width: 2560px) 100vw, 2560px\" \/><\/figure><\/li><li class=\"wp-block-jetpack-slideshow_slide swiper-slide\"><figure><img loading=\"lazy\" decoding=\"async\" width=\"1024\" height=\"575\" alt=\"\" class=\"wp-block-jetpack-slideshow_image wp-image-87\" data-id=\"87\" src=\"http:\/\/bionovarural.com\/wp-content\/uploads\/2023\/06\/IMG_1771-1024x575.jpg\" srcset=\"https:\/\/bionovarural.com\/wp-content\/uploads\/2023\/06\/IMG_1771-1024x575.jpg 1024w, https:\/\/bionovarural.com\/wp-content\/uploads\/2023\/06\/IMG_1771-300x169.jpg 300w, https:\/\/bionovarural.com\/wp-content\/uploads\/2023\/06\/IMG_1771-scaled-600x337.jpg 600w, https:\/\/bionovarural.com\/wp-content\/uploads\/2023\/06\/IMG_1771-768x431.jpg 768w, https:\/\/bionovarural.com\/wp-content\/uploads\/2023\/06\/IMG_1771-1536x863.jpg 1536w, https:\/\/bionovarural.com\/wp-content\/uploads\/2023\/06\/IMG_1771-2048x1150.jpg 2048w, https:\/\/bionovarural.com\/wp-content\/uploads\/2023\/06\/IMG_1771-1568x881.jpg 1568w, https:\/\/bionovarural.com\/wp-content\/uploads\/2023\/06\/IMG_1771-1320x741.jpg 1320w\" sizes=\"auto, (max-width: 1024px) 100vw, 1024px\" \/><\/figure><\/li><li class=\"wp-block-jetpack-slideshow_slide swiper-slide\"><figure><img loading=\"lazy\" decoding=\"async\" width=\"1024\" height=\"512\" alt=\"\" class=\"wp-block-jetpack-slideshow_image wp-image-83\" data-id=\"83\" src=\"http:\/\/bionovarural.com\/wp-content\/uploads\/2023\/06\/20210724_173122-1024x512.jpg\" srcset=\"https:\/\/bionovarural.com\/wp-content\/uploads\/2023\/06\/20210724_173122-1024x512.jpg 1024w, https:\/\/bionovarural.com\/wp-content\/uploads\/2023\/06\/20210724_173122-300x150.jpg 300w, https:\/\/bionovarural.com\/wp-content\/uploads\/2023\/06\/20210724_173122-scaled-600x300.jpg 600w, https:\/\/bionovarural.com\/wp-content\/uploads\/2023\/06\/20210724_173122-768x384.jpg 768w, https:\/\/bionovarural.com\/wp-content\/uploads\/2023\/06\/20210724_173122-1536x768.jpg 1536w, https:\/\/bionovarural.com\/wp-content\/uploads\/2023\/06\/20210724_173122-2048x1024.jpg 2048w, https:\/\/bionovarural.com\/wp-content\/uploads\/2023\/06\/20210724_173122-1568x784.jpg 1568w, https:\/\/bionovarural.com\/wp-content\/uploads\/2023\/06\/20210724_173122-1320x660.jpg 1320w\" sizes=\"auto, (max-width: 1024px) 100vw, 1024px\" \/><\/figure><\/li><li class=\"wp-block-jetpack-slideshow_slide swiper-slide\"><figure><img loading=\"lazy\" decoding=\"async\" width=\"1024\" height=\"683\" alt=\"\" class=\"wp-block-jetpack-slideshow_image wp-image-79\" data-id=\"79\" src=\"http:\/\/bionovarural.com\/wp-content\/uploads\/2023\/06\/IMG_1899-1024x683.jpg\" srcset=\"https:\/\/bionovarural.com\/wp-content\/uploads\/2023\/06\/IMG_1899-1024x683.jpg 1024w, https:\/\/bionovarural.com\/wp-content\/uploads\/2023\/06\/IMG_1899-300x200.jpg 300w, https:\/\/bionovarural.com\/wp-content\/uploads\/2023\/06\/IMG_1899-scaled-600x400.jpg 600w, https:\/\/bionovarural.com\/wp-content\/uploads\/2023\/06\/IMG_1899-768x512.jpg 768w, https:\/\/bionovarural.com\/wp-content\/uploads\/2023\/06\/IMG_1899-1536x1024.jpg 1536w, https:\/\/bionovarural.com\/wp-content\/uploads\/2023\/06\/IMG_1899-2048x1365.jpg 2048w, https:\/\/bionovarural.com\/wp-content\/uploads\/2023\/06\/IMG_1899-1568x1045.jpg 1568w, https:\/\/bionovarural.com\/wp-content\/uploads\/2023\/06\/IMG_1899-1320x880.jpg 1320w\" sizes=\"auto, (max-width: 1024px) 100vw, 1024px\" \/><\/figure><\/li><\/ul><a class=\"wp-block-jetpack-slideshow_button-prev swiper-button-prev swiper-button-white\" role=\"button\"><\/a><a class=\"wp-block-jetpack-slideshow_button-next swiper-button-next swiper-button-white\" role=\"button\"><\/a><a aria-label=\"Pause Slideshow\" class=\"wp-block-jetpack-slideshow_button-pause\" role=\"button\"><\/a><div class=\"wp-block-jetpack-slideshow_pagination swiper-pagination swiper-pagination-white\"><\/div><\/div><\/div>\n\n\n\n<h4 class=\"wp-block-heading\"><strong>Servicios Clave<\/strong><\/h4>\n\n\n\n<ol start=\"1\" class=\"wp-block-list\">\n<li><strong>Asesoramiento Agroambiental<\/strong>\n<ul class=\"wp-block-list\">\n<li>Dise\u00f1o e implementaci\u00f3n de proyectos agr\u00edcolas y ganaderos con t\u00e9cnicas&nbsp;<strong>regenerativas y de bajo impacto<\/strong>.<\/li>\n\n\n\n<li>Optimizaci\u00f3n de recursos h\u00eddricos y energ\u00e9ticos para reducir costes y mejorar la productividad.<\/li>\n\n\n\n<li>Integraci\u00f3n de&nbsp;<strong>tecnolog\u00eda y agricultura de precisi\u00f3n<\/strong>&nbsp;(drones, sensores, big data) para una gesti\u00f3n m\u00e1s inteligente.<\/li>\n<\/ul>\n<\/li>\n\n\n\n<li><strong>Certificaciones y Sostenibilidad<\/strong>\n<ul class=\"wp-block-list\">\n<li>Asesoramiento en&nbsp;<strong>certificaciones ambientales y de calidad<\/strong>&nbsp;(Agricultura Ecol\u00f3gica, GlobalG.A.P., Huella de Carbono, etc.).<\/li>\n\n\n\n<li>Elaboraci\u00f3n de informes de impacto ambiental y planes de sostenibilidad adaptados a cada explotaci\u00f3n.<\/li>\n<\/ul>\n<\/li>\n\n\n\n<li><strong>Formaci\u00f3n y Capacitaci\u00f3n<\/strong>\n<ul class=\"wp-block-list\">\n<li>Cursos y talleres pr\u00e1cticos sobre&nbsp;<strong>agricultura regenerativa, agroecolog\u00eda y manejo sostenible de suelos<\/strong>.<\/li>\n\n\n\n<li>Programas de formaci\u00f3n continua para profesionales del sector.<\/li>\n<\/ul>\n<\/li>\n\n\n\n<li><strong>Eficiencia de Recursos<\/strong>\n<ul class=\"wp-block-list\">\n<li>Estudios personalizados para reducir el desperdicio de agua, energ\u00eda e insumos.<\/li>\n\n\n\n<li>Implementaci\u00f3n de sistemas de&nbsp;<strong>econom\u00eda circular y valorizaci\u00f3n de residuos<\/strong>&nbsp;(biog\u00e1s, compostaje, etc.).<\/li>\n<\/ul>\n<\/li>\n<\/ol>\n\n\n\n<h4 class=\"wp-block-heading\"><strong>\u00bfA qui\u00e9n va dirigido?<\/strong><\/h4>\n\n\n\n<p>Nuestros clientes son:<\/p>\n\n\n\n<ul class=\"wp-block-list\">\n<li><strong>Empresas agroalimentarias<\/strong>&nbsp;que buscan diferenciarse con pr\u00e1cticas sostenibles.<\/li>\n\n\n\n<li><strong>Agricultores y ganaderos<\/strong>&nbsp;que desean modernizar sus explotaciones sin comprometer el entorno.<\/li>\n\n\n\n<li><strong>Aut\u00f3nomos y emprendedores rurales<\/strong>&nbsp;que necesitan asesoramiento t\u00e9cnico para proyectos innovadores.<\/li>\n\n\n\n<li><strong>Administraciones p\u00fablicas<\/strong>&nbsp;interesadas en fomentar el desarrollo rural sostenible.<\/li>\n<\/ul>\n\n\n\n<h4 class=\"wp-block-heading\"><strong>Nuestro Valor Diferencial<\/strong><\/h4>\n\n\n\n<p>En&nbsp;<strong>Bionova rural<\/strong>&nbsp;combinamos&nbsp;<strong>conocimiento t\u00e9cnico, innovaci\u00f3n y compromiso ambiental<\/strong>&nbsp;para ofrecer soluciones a medida. Trabajamos desde el campo, con un enfoque pr\u00e1ctico y cercano, para garantizar que cada proyecto no solo cumpla con normativas, sino que tambi\u00e9n genere&nbsp;<strong>beneficios econ\u00f3micos y ecol\u00f3gicos a largo plazo<\/strong>.<\/p>\n\n\n\n<p class=\"has-text-align-left\"><strong>\u00a1Impulsemos juntos el futuro del medio rural!<\/strong><\/p>\n\n\n\n<div class=\"wp-block-columns is-layout-flex wp-container-core-columns-is-layout-1 wp-block-columns-is-layout-flex\">\n<div class=\"wp-block-column is-layout-flow wp-block-column-is-layout-flow\" style=\"flex-basis:100%\"><\/div>\n<\/div>\n\n\n\n<p><\/p>\n","protected":false},"excerpt":{"rendered":"<p>Bionova rural\u00a0es una consultor\u00eda especializada en favorecer la\u00a0sostenibilidad ambiental y econ\u00f3mica\u00a0en el \u00e1mbito rural. Nuestra tarea es la de acompa\u00f1ar a agricultores, empresas agroalimentarias y emprendedores rurales en la transici\u00f3n &#8230;<\/p>\n","protected":false},"author":1,"featured_media":93,"parent":0,"menu_order":0,"comment_status":"closed","ping_status":"closed","template":"","meta":{"footnotes":""},"class_list":["post-15","page","type-page","status-publish","has-post-thumbnail","hentry"],"_links":{"self":[{"href":"https:\/\/bionovarural.com\/index.php?rest_route=\/wp\/v2\/pages\/15","targetHints":{"allow":["GET"]}}],"collection":[{"href":"https:\/\/bionovarural.com\/index.php?rest_route=\/wp\/v2\/pages"}],"about":[{"href":"https:\/\/bionovarural.com\/index.php?rest_route=\/wp\/v2\/types\/page"}],"author":[{"embeddable":true,"href":"https:\/\/bionovarural.com\/index.php?rest_route=\/wp\/v2\/users\/1"}],"replies":[{"embeddable":true,"href":"https:\/\/bionovarural.com\/index.php?rest_route=%2Fwp%2Fv2%2Fcomments&post=15"}],"version-history":[{"count":30,"href":"https:\/\/bionovarural.com\/index.php?rest_route=\/wp\/v2\/pages\/15\/revisions"}],"predecessor-version":[{"id":318,"href":"https:\/\/bionovarural.com\/index.php?rest_route=\/wp\/v2\/pages\/15\/revisions\/318"}],"wp:featuredmedia":[{"embeddable":true,"href":"https:\/\/bionovarural.com\/index.php?rest_route=\/wp\/v2\/media\/93"}],"wp:attachment":[{"href":"https:\/\/bionovarural.com\/index.php?rest_route=%2Fwp%2Fv2%2Fmedia&parent=15"}],"curies":[{"name":"wp","href":"https:\/\/api.w.org\/{rel}","templated":true}]}}